{"id":815,"date":"2024-10-28T08:45:04","date_gmt":"2024-10-28T07:45:04","guid":{"rendered":"https:\/\/franciscavallespirpsicologia.com\/psicologa-manacor\/"},"modified":"2025-02-19T10:00:51","modified_gmt":"2025-02-19T09:00:51","slug":"psicologa-manacor","status":"publish","type":"page","link":"https:\/\/franciscavallespirpsicologia.com\/es\/psicologa-manacor\/","title":{"rendered":"Psic\u00f3loga Manacor"},"content":{"rendered":"<p>[et_pb_section fb_built=\u00bb1&#8243; _builder_version=\u00bb4.27.2&#8243; _module_preset=\u00bbdefault\u00bb use_background_color_gradient=\u00bbon\u00bb background_color_gradient_stops=\u00bbrgba(255, 255, 255, 1) 0%|rgba(115,201,177,0.58) 100%|#ffffff 100%\u00bb global_colors_info=\u00bb{}\u00bb][et_pb_row column_structure=\u00bb1_3,2_3&#8243; _builder_version=\u00bb4.27.2&#8243; _module_preset=\u00bbdefault\u00bb global_colors_info=\u00bb{}\u00bb][et_pb_column type=\u00bb1_3&#8243; _builder_version=\u00bb4.27.2&#8243; _module_preset=\u00bbdefault\u00bb global_colors_info=\u00bb{}\u00bb][et_pb_image src=\u00bbhttps:\/\/franciscavallespirpsicologia.com\/wp-content\/uploads\/2024\/11\/Artboard-1-1.png\u00bb title_text=\u00bbArtboard 1&#8243; _builder_version=\u00bb4.27.2&#8243; _module_preset=\u00bbdefault\u00bb width=\u00bb76%\u00bb module_alignment=\u00bbcenter\u00bb global_colors_info=\u00bb{}\u00bb][\/et_pb_image][\/et_pb_column][et_pb_column type=\u00bb2_3&#8243; _builder_version=\u00bb4.27.2&#8243; _module_preset=\u00bbdefault\u00bb global_colors_info=\u00bb{}\u00bb][et_pb_text _builder_version=\u00bb4.27.2&#8243; _module_preset=\u00bbdefault\u00bb text_font=\u00bb&#8211;et_global_heading_font|||on|||||\u00bb header_font=\u00bb&#8211;et_global_body_font|600|||||||\u00bb header_text_color=\u00bb#73C9B1&#8243; header_font_size=\u00bb50px\u00bb header_2_font=\u00bb&#8211;et_global_heading_font|||on|||||\u00bb header_2_font_size=\u00bb40px\u00bb text_orientation=\u00bbcenter\u00bb module_alignment=\u00bbcenter\u00bb custom_margin=\u00bb63px||63px||true|false\u00bb text_font_size_tablet=\u00bb\u00bb text_font_size_phone=\u00bb14px\u00bb text_font_size_last_edited=\u00bbon|phone\u00bb header_font_size_tablet=\u00bb50px\u00bb header_font_size_phone=\u00bb40px\u00bb header_font_size_last_edited=\u00bbon|phone\u00bb global_colors_info=\u00bb{}\u00bb]<\/p>\n<h1 style=\"text-align: center;\">Psic\u00f3loga en Manacor<\/h1>\n<p>Servicios psicol\u00f3gicos profesionales para tu crecimiento personal<\/p>\n<p>[\/et_pb_text][\/et_pb_column][\/et_pb_row][\/et_pb_section][et_pb_section fb_built=\u00bb1&#8243; _builder_version=\u00bb4.27.2&#8243; _module_preset=\u00bbdefault\u00bb bottom_divider_color=\u00bb#73C9B1&#8243; bottom_divider_height=\u00bb49px\u00bb global_colors_info=\u00bb{}\u00bb][et_pb_row _builder_version=\u00bb4.27.2&#8243; _module_preset=\u00bbdefault\u00bb animation_style=\u00bbfade\u00bb global_colors_info=\u00bb{}\u00bb][et_pb_column type=\u00bb4_4&#8243; _builder_version=\u00bb4.27.2&#8243; _module_preset=\u00bbdefault\u00bb global_colors_info=\u00bb{}\u00bb][et_pb_text _builder_version=\u00bb4.27.2&#8243; _module_preset=\u00bbdefault\u00bb text_font=\u00bb&#8211;et_global_body_font||||||||\u00bb header_2_font=\u00bb&#8211;et_global_heading_font||||||||\u00bb header_2_font_size=\u00bb40px\u00bb text_font_size_tablet=\u00bb\u00bb text_font_size_phone=\u00bb14px\u00bb text_font_size_last_edited=\u00bbon|phone\u00bb header_2_font_size_tablet=\u00bb40px\u00bb header_2_font_size_phone=\u00bb30px\u00bb header_2_font_size_last_edited=\u00bbon|phone\u00bb global_colors_info=\u00bb{}\u00bb]<\/p>\n<h2>Consulta en l\u00ednea y presencial: Elige el formato que mejor se adapte a ti<\/h2>\n<p>En el centro de psicolog\u00eda, te ofrezco la flexibilidad de elegir entre consultas en l\u00ednea y presenciales, para que tu bienestar emocional no tenga l\u00edmites. Ya sea desde la comodidad de casa o vernos en persona en el centro, encontrar\u00e1s el soporte profesional que necesitas para gestionar tus emociones y mejorar tu calidad de vida. <\/p>\n<p>[\/et_pb_text][\/et_pb_column][\/et_pb_row][et_pb_row column_structure=\u00bb1_2,1_2&#8243; _builder_version=\u00bb4.27.2&#8243; _module_preset=\u00bbdefault\u00bb animation_style=\u00bbfade\u00bb global_colors_info=\u00bb{}\u00bb][et_pb_column type=\u00bb1_2&#8243; _builder_version=\u00bb4.27.2&#8243; _module_preset=\u00bbdefault\u00bb global_colors_info=\u00bb{}\u00bb][et_pb_image src=\u00bbhttps:\/\/franciscavallespirpsicologia.com\/wp-content\/uploads\/2024\/11\/video-conferencia.png\u00bb title_text=\u00bbvideo-conferencia\u00bb _builder_version=\u00bb4.27.2&#8243; _module_preset=\u00bbdefault\u00bb width=\u00bb30%\u00bb module_alignment=\u00bbcenter\u00bb global_colors_info=\u00bb{}\u00bb][\/et_pb_image][et_pb_text _builder_version=\u00bb4.27.2&#8243; _module_preset=\u00bbdefault\u00bb header_3_font=\u00bb&#8211;et_global_body_font|||on|||||\u00bb text_font_size_tablet=\u00bb\u00bb text_font_size_phone=\u00bb14px\u00bb text_font_size_last_edited=\u00bbon|phone\u00bb header_3_font_size_tablet=\u00bb\u00bb header_3_font_size_phone=\u00bb\u00bb header_3_font_size_last_edited=\u00bbon|phone\u00bb global_colors_info=\u00bb{}\u00bb]<\/p>\n<h3 style=\"text-align: center;\">Consulta en l\u00ednea<\/h3>\n<p style=\"text-align: center;\">Comodidad y flexibilidad para cuidar tu salud emocional desde casa<\/p>\n<p>[\/et_pb_text][\/et_pb_column][et_pb_column type=\u00bb1_2&#8243; _builder_version=\u00bb4.27.2&#8243; _module_preset=\u00bbdefault\u00bb global_colors_info=\u00bb{}\u00bb][et_pb_image src=\u00bbhttps:\/\/franciscavallespirpsicologia.com\/wp-content\/uploads\/2024\/11\/reunion-alternativa.png\u00bb title_text=\u00bbreunion-alternativa\u00bb align=\u00bbcenter\u00bb _builder_version=\u00bb4.27.2&#8243; _module_preset=\u00bbdefault\u00bb width=\u00bb30%\u00bb module_alignment=\u00bbcenter\u00bb global_colors_info=\u00bb{}\u00bb][\/et_pb_image][et_pb_text _builder_version=\u00bb4.27.2&#8243; _module_preset=\u00bbdefault\u00bb header_3_font=\u00bb&#8211;et_global_body_font|||on|||||\u00bb text_font_size_tablet=\u00bb\u00bb text_font_size_phone=\u00bb14px\u00bb text_font_size_last_edited=\u00bbon|phone\u00bb header_3_font_size_tablet=\u00bb\u00bb header_3_font_size_phone=\u00bb\u00bb header_3_font_size_last_edited=\u00bbon|phone\u00bb global_colors_info=\u00bb{}\u00bb]<\/p>\n<h3 style=\"text-align: center;\">Consulta presencial<\/h3>\n<p style=\"text-align: center;\">Un espacio seguro y acogedor para trabajar en tu bienestar emocional<\/p>\n<p>[\/et_pb_text][\/et_pb_column][\/et_pb_row][\/et_pb_section][et_pb_section fb_built=\u00bb1&#8243; _builder_version=\u00bb4.27.2&#8243; _module_preset=\u00bbdefault\u00bb use_background_color_gradient=\u00bbon\u00bb background_color_gradient_stops=\u00bb#73c9b1 0%|rgba(115,201,177,0.58) 100%\u00bb background_enable_image=\u00bboff\u00bb background_blend=\u00bbsoft-light\u00bb custom_padding=\u00bb9px||9px||true|\u00bb animation_style=\u00bbslide\u00bb global_colors_info=\u00bb{}\u00bb][et_pb_row _builder_version=\u00bb4.27.2&#8243; _module_preset=\u00bbdefault\u00bb global_colors_info=\u00bb{}\u00bb][et_pb_column type=\u00bb4_4&#8243; _builder_version=\u00bb4.27.2&#8243; _module_preset=\u00bbdefault\u00bb global_colors_info=\u00bb{}\u00bb][et_pb_text _builder_version=\u00bb4.27.2&#8243; _module_preset=\u00bbdefault\u00bb text_font=\u00bb&#8211;et_global_body_font||||||||\u00bb text_text_color=\u00bb#FFFFFF\u00bb text_font_size=\u00bb30px\u00bb text_line_height=\u00bb1.5em\u00bb header_3_font=\u00bb&#8211;et_global_heading_font||||||||\u00bb header_3_text_color=\u00bb#FFFFFF\u00bb text_font_size_tablet=\u00bb30px\u00bb text_font_size_phone=\u00bb25px\u00bb text_font_size_last_edited=\u00bbon|phone\u00bb global_colors_info=\u00bb{}\u00bb]<\/p>\n<p style=\"text-align: center;\">Recuerda que el l\u00edmite no es f\u00edsico, es mental.<\/p>\n<p>[\/et_pb_text][\/et_pb_column][\/et_pb_row][\/et_pb_section][et_pb_section fb_built=\u00bb1&#8243; _builder_version=\u00bb4.27.2&#8243; _module_preset=\u00bbdefault\u00bb global_colors_info=\u00bb{}\u00bb][et_pb_row _builder_version=\u00bb4.27.2&#8243; _module_preset=\u00bbdefault\u00bb animation_style=\u00bbfade\u00bb global_colors_info=\u00bb{}\u00bb][et_pb_column type=\u00bb4_4&#8243; _builder_version=\u00bb4.27.2&#8243; _module_preset=\u00bbdefault\u00bb global_colors_info=\u00bb{}\u00bb][et_pb_text _builder_version=\u00bb4.27.2&#8243; _module_preset=\u00bbdefault\u00bb text_font=\u00bb&#8211;et_global_body_font||||||||\u00bb header_2_font=\u00bb&#8211;et_global_heading_font||||||||\u00bb header_2_font_size=\u00bb40px\u00bb text_font_size_tablet=\u00bb\u00bb text_font_size_phone=\u00bb14px\u00bb text_font_size_last_edited=\u00bbon|phone\u00bb header_2_font_size_tablet=\u00bb40px\u00bb header_2_font_size_phone=\u00bb30px\u00bb header_2_font_size_last_edited=\u00bbon|phone\u00bb global_colors_info=\u00bb{}\u00bb]<\/p>\n<h2>Servicios de psicolog\u00eda en Manacor<\/h2>\n<p>Juntos podremos tratar diferentes m\u00e9todos para trabajar el bienestar emocional, gestionar situaciones de cambio y superar dificultades. Cada consulta se adaptar\u00e1 a tus necesidades para encontrar el equilibrio emocional que buscas, con un soporte profesional y cercano. <\/p>\n<p>[\/et_pb_text][\/et_pb_column][\/et_pb_row][et_pb_row column_structure=\u00bb1_2,1_2&#8243; _builder_version=\u00bb4.27.2&#8243; _module_preset=\u00bbdefault\u00bb animation_style=\u00bbfade\u00bb global_colors_info=\u00bb{}\u00bb][et_pb_column type=\u00bb1_2&#8243; _builder_version=\u00bb4.27.2&#8243; _module_preset=\u00bbdefault\u00bb global_colors_info=\u00bb{}\u00bb][et_pb_blurb title=\u00bbAnsiedad y estr\u00e9s\u00bb image=\u00bbhttps:\/\/franciscavallespirpsicologia.com\/wp-content\/uploads\/2024\/11\/estres-cerebral.png\u00bb icon_placement=\u00bbleft\u00bb image_icon_width=\u00bb100%\u00bb _builder_version=\u00bb4.27.2&#8243; _module_preset=\u00bbdefault\u00bb header_level=\u00bbh3&#8243; header_font=\u00bb&#8211;et_global_heading_font|||on|||||\u00bb body_font=\u00bb&#8211;et_global_body_font||||||||\u00bb body_font_size_tablet=\u00bb\u00bb body_font_size_phone=\u00bb14px\u00bb body_font_size_last_edited=\u00bbon|phone\u00bb global_colors_info=\u00bb{}\u00bb]<\/p>\n<p data-pm-slice=\"1 1 []\" style=\"text-align: justify;\"><strong>La gesti\u00f3n de la ansiedad y el estr\u00e9s es fundamental para mantener una vida equilibrada y saludable.<\/strong> Trabajaremos conjuntamente para identificar los desencadenantes de ansiedad y encontrar\u00e1s t\u00e9cnicas que te ayuden a reducirla y gestionarla de manera efectiva. <\/p>\n<p data-pm-slice=\"1 1 []\" style=\"text-align: justify;\"><strong>El objetivo es ense\u00f1arte herramientas pr\u00e1cticas<\/strong> que te permitan afrontar las situaciones estresantes con m\u00e1s calma y seguridad.<\/p>\n<p>[\/et_pb_blurb][et_pb_blurb title=\u00bbHabilidades comunicativas\u00bb image=\u00bbhttps:\/\/franciscavallespirpsicologia.com\/wp-content\/uploads\/2024\/11\/reunion.png\u00bb icon_placement=\u00bbleft\u00bb image_icon_width=\u00bb100%\u00bb _builder_version=\u00bb4.27.2&#8243; _module_preset=\u00bbdefault\u00bb header_level=\u00bbh3&#8243; header_font=\u00bb&#8211;et_global_heading_font|||on|||||\u00bb body_font=\u00bb&#8211;et_global_body_font||||||||\u00bb body_font_size_tablet=\u00bb\u00bb body_font_size_phone=\u00bb14px\u00bb body_font_size_last_edited=\u00bbon|phone\u00bb global_colors_info=\u00bb{}\u00bb]<\/p>\n<p data-pm-slice=\"1 1 []\" style=\"text-align: justify;\">Las habilidades comunicativas <strong>son esenciales para establecer relaciones sanas<\/strong> y expresarse con claridad. En las sesiones, te ayudaremos a desarrollar y mejorar estas habilidades, enfoc\u00e1ndonos en t\u00e9cnicas para escuchar activamente, expresando emociones y necesidades de manera asertiva, y establecer di\u00e1logos m\u00e1s efectivos con su entorno. <\/p>\n<p data-pm-slice=\"1 1 []\" style=\"text-align: justify;\"> <strong>Aprender a comunicarse de manera m\u00e1s consciente y segura<\/strong> puede transformar tus relaciones personales y profesionales.<\/p>\n<p>[\/et_pb_blurb][et_pb_blurb title=\u00bbEmociones negativas\u00bb image=\u00bbhttps:\/\/franciscavallespirpsicologia.com\/wp-content\/uploads\/2024\/11\/lagrima-triste.png\u00bb icon_placement=\u00bbleft\u00bb image_icon_width=\u00bb100%\u00bb _builder_version=\u00bb4.27.2&#8243; _module_preset=\u00bbdefault\u00bb header_level=\u00bbh3&#8243; header_font=\u00bb&#8211;et_global_heading_font|||on|||||\u00bb body_font=\u00bb&#8211;et_global_body_font||||||||\u00bb body_font_size_tablet=\u00bb\u00bb body_font_size_phone=\u00bb14px\u00bb body_font_size_last_edited=\u00bbon|phone\u00bb global_colors_info=\u00bb{}\u00bb]<\/p>\n<p style=\"text-align: justify;\">Las emociones negativas pueden ser intensas y afectar tu d\u00eda a d\u00eda. En las consultas, te ayudar\u00e9 a reconocer, comprender y gestionar estas emociones de manera saludable. <\/p>\n<p style=\"text-align: justify;\">Mediante t\u00e9cnicas adaptadas a ti, <strong>aprender\u00e1s a canalizar las emociones y a reducir su impacto,<\/strong> recuperando as\u00ed tu tranquilidad y bienestar. <\/p>\n<p>&nbsp;<\/p>\n<p>[\/et_pb_blurb][\/et_pb_column][et_pb_column type=\u00bb1_2&#8243; _builder_version=\u00bb4.27.2&#8243; _module_preset=\u00bbdefault\u00bb global_colors_info=\u00bb{}\u00bb][et_pb_blurb title=\u00bbCuidado de la autoestima\u00bb image=\u00bbhttps:\/\/franciscavallespirpsicologia.com\/wp-content\/uploads\/2024\/11\/cerebro-corazon.png\u00bb icon_placement=\u00bbleft\u00bb image_icon_width=\u00bb100%\u00bb _builder_version=\u00bb4.27.2&#8243; _module_preset=\u00bbdefault\u00bb header_level=\u00bbh3&#8243; header_font=\u00bb&#8211;et_global_heading_font|||on|||||\u00bb body_font=\u00bb&#8211;et_global_body_font||||||||\u00bb body_font_size_tablet=\u00bb\u00bb body_font_size_phone=\u00bb14px\u00bb body_font_size_last_edited=\u00bbon|phone\u00bb global_colors_info=\u00bb{}\u00bb]<\/p>\n<p style=\"text-align: justify;\"><strong>La autoestima es la base de nuestro bienestar emocional.<\/strong> En este servicio, trabajaremos para identificar y gestionar las emociones negativas que afecten la percepci\u00f3n de ti mismo\/a. Mediante diferentes t\u00e9cnicas, <strong>buscaremos fortalecer tu confianza y fomentar una imagen positiva <\/strong>que te permita vivir con m\u00e1s plenitud y satisfacci\u00f3n. <\/p>\n<p>&nbsp;<\/p>\n<p>[\/et_pb_blurb][et_pb_blurb title=\u00bbInteligencia emocional\u00bb image=\u00bbhttps:\/\/franciscavallespirpsicologia.com\/wp-content\/uploads\/2024\/11\/sosteniendo-la-mano-del-cerebro.png\u00bb icon_placement=\u00bbleft\u00bb image_icon_width=\u00bb100%\u00bb _builder_version=\u00bb4.27.2&#8243; _module_preset=\u00bbdefault\u00bb header_level=\u00bbh3&#8243; header_font=\u00bb&#8211;et_global_heading_font|||on|||||\u00bb body_font=\u00bb&#8211;et_global_body_font||||||||\u00bb body_font_size_tablet=\u00bb\u00bb body_font_size_phone=\u00bb14px\u00bb body_font_size_last_edited=\u00bbon|phone\u00bb global_colors_info=\u00bb{}\u00bb]<\/p>\n<p style=\"text-align: justify;\"><strong>La inteligencia emocional te ayuda a comprenderte mejor a ti mismo\/a y a los dem\u00e1s<\/strong>, y a responder de manera m\u00e1s efectiva a las emociones diarias. Trabajaremos para mejorar tu capacidad de identificar, comprender y gestionar las emociones de forma saludable, con el objetivo de favorecer relaciones m\u00e1s emp\u00e1ticas y una mayor estabilidad emocional. <\/p>\n<p>&nbsp;<\/p>\n<p>[\/et_pb_blurb][et_pb_blurb title=\u00bbEnfermedad y duelo\u00bb image=\u00bbhttps:\/\/franciscavallespirpsicologia.com\/wp-content\/uploads\/2024\/11\/hospital.png\u00bb icon_placement=\u00bbleft\u00bb image_icon_width=\u00bb100%\u00bb _builder_version=\u00bb4.27.2&#8243; _module_preset=\u00bbdefault\u00bb header_level=\u00bbh3&#8243; header_font=\u00bb&#8211;et_global_heading_font|||on|||||\u00bb body_font=\u00bb&#8211;et_global_body_font||||||||\u00bb body_font_size_tablet=\u00bb\u00bb body_font_size_phone=\u00bb14px\u00bb body_font_size_last_edited=\u00bbon|phone\u00bb global_colors_info=\u00bb{}\u00bb]<\/p>\n<p style=\"text-align: justify;\"><strong>Los procesos de enfermedad y duelo pueden ser momentos especialmente dif\u00edciles que requieren soporte y acompa\u00f1amiento emocional.<\/strong> Este tipo de consulta est\u00e1 pensada para ofrecerte un espacio seguro donde puedas expresar tu sufrimiento, entender las etapas del duelo y recibir acompa\u00f1amiento para avanzar en el proceso de manera saludable.<\/p>\n<p style=\"text-align: justify;\"><strong>Mi intenci\u00f3n es ayudarte a sentirte acompa\u00f1ado\/a y escuchado\/a <\/strong>mientras encuentras nuevas maneras de convivir con la p\u00e9rdida.<\/p>\n<p>[\/et_pb_blurb][\/et_pb_column][\/et_pb_row][\/et_pb_section][et_pb_section fb_built=\u00bb1&#8243; _builder_version=\u00bb4.27.2&#8243; _module_preset=\u00bbdefault\u00bb custom_padding=\u00bb1px||1px||true|\u00bb bottom_divider_style=\u00bbasymmetric\u00bb bottom_divider_color=\u00bb#73C9B1&#8243; bottom_divider_height=\u00bb59px\u00bb global_colors_info=\u00bb{}\u00bb][et_pb_row column_structure=\u00bb1_3,2_3&#8243; _builder_version=\u00bb4.27.2&#8243; _module_preset=\u00bbdefault\u00bb custom_padding=\u00bb42px||42px||true|\u00bb animation_style=\u00bbfade\u00bb global_colors_info=\u00bb{}\u00bb][et_pb_column type=\u00bb1_3&#8243; _builder_version=\u00bb4.27.2&#8243; _module_preset=\u00bbdefault\u00bb global_colors_info=\u00bb{}\u00bb][et_pb_image src=\u00bbhttps:\/\/franciscavallespirpsicologia.com\/wp-content\/uploads\/2024\/09\/xisca_transparent-1.png\u00bb title_text=\u00bbxisca_transparent-1&#8243; _builder_version=\u00bb4.27.2&#8243; _module_preset=\u00bbdefault\u00bb width=\u00bb55%\u00bb global_colors_info=\u00bb{}\u00bb][\/et_pb_image][\/et_pb_column][et_pb_column type=\u00bb2_3&#8243; _builder_version=\u00bb4.27.2&#8243; _module_preset=\u00bbdefault\u00bb global_colors_info=\u00bb{}\u00bb][et_pb_text _builder_version=\u00bb4.27.2&#8243; _module_preset=\u00bbdefault\u00bb text_font=\u00bb&#8211;et_global_heading_font||||||||\u00bb text_font_size=\u00bb30px\u00bb header_2_font=\u00bb&#8211;et_global_heading_font||||||||\u00bb header_2_font_size=\u00bb40px\u00bb header_3_font=\u00bb&#8211;et_global_heading_font||||||||\u00bb custom_margin=\u00bb||22px|||\u00bb global_colors_info=\u00bb{}\u00bb]<\/p>\n<h3 style=\"text-align: left;\">\u00bfA qui\u00e9n encontrar\u00e1s en la consulta?<\/h3>\n<p>[\/et_pb_text][et_pb_text _builder_version=\u00bb4.27.2&#8243; _module_preset=\u00bbdefault\u00bb text_font=\u00bb&#8211;et_global_body_font||||||||\u00bb custom_padding=\u00bb|||3px||\u00bb text_font_size_tablet=\u00bb\u00bb text_font_size_phone=\u00bb14px\u00bb text_font_size_last_edited=\u00bbon|phone\u00bb global_colors_info=\u00bb{}\u00bb]<\/p>\n<p style=\"text-align: justify;\"><strong>Hola!<\/strong><br \/><strong>Soy Xisca Vallespir, psic\u00f3loga experta en gesti\u00f3n emocional.<\/strong> Estoy aqu\u00ed para ayudarte a encontrar el bienestar y equilibrio emocional que todos necesitamos. <strong>Mi manera de trabajar se basa en escucharte con empat\u00eda y sin juicios,<\/strong> para comprender qu\u00e9 est\u00e1 generando sufrimiento o dificultad.<\/p>\n<p style=\"text-align: justify;\">Desde el 2019, tengo un peque\u00f1o estudio en la calle de n&#8217;Olesa, en Manacor. Un espacio pensado para ofrecerte seguridad y comodidad.  <strong>Si alg\u00fan d\u00eda necesitas ayuda, estar\u00e9 encantada de recibirte.<\/strong><\/p>\n<p>[\/et_pb_text][et_pb_button button_url=\u00bbhttps:\/\/franciscavallespirpsicologia.com\/qui-som\/\u00bb button_text=\u00bbConeix-me millor\u00bb button_alignment=\u00bbcenter\u00bb _builder_version=\u00bb4.27.2&#8243; _module_preset=\u00bbdefault\u00bb custom_button=\u00bbon\u00bb button_text_size=\u00bb16px\u00bb global_colors_info=\u00bb{}\u00bb][\/et_pb_button][\/et_pb_column][\/et_pb_row][\/et_pb_section][et_pb_section fb_built=\u00bb1&#8243; _builder_version=\u00bb4.27.2&#8243; _module_preset=\u00bbdefault\u00bb animation_style=\u00bbfade\u00bb global_colors_info=\u00bb{}\u00bb][et_pb_row _builder_version=\u00bb4.27.2&#8243; _module_preset=\u00bbdefault\u00bb global_colors_info=\u00bb{}\u00bb][et_pb_column type=\u00bb4_4&#8243; _builder_version=\u00bb4.27.2&#8243; _module_preset=\u00bbdefault\u00bb global_colors_info=\u00bb{}\u00bb][et_pb_text _builder_version=\u00bb4.27.2&#8243; _module_preset=\u00bbdefault\u00bb text_font=\u00bb&#8211;et_global_body_font||||||||\u00bb text_text_color=\u00bb#448E72&#8243; text_font_size=\u00bb30px\u00bb header_2_font=\u00bb&#8211;et_global_heading_font||||||||\u00bb header_2_text_color=\u00bb#448E72&#8243; header_2_font_size=\u00bb40px\u00bb text_font_size_tablet=\u00bb30px\u00bb text_font_size_phone=\u00bb22px\u00bb text_font_size_last_edited=\u00bbon|phone\u00bb global_colors_info=\u00bb{}\u00bb]<\/p>\n<p style=\"text-align: center;\">Si tienes alguna duda, estoy aqu\u00ed para ayudarte.<\/p>\n<p>[\/et_pb_text][\/et_pb_column][\/et_pb_row][et_pb_row column_structure=\u00bb1_2,1_2&#8243; _builder_version=\u00bb4.27.2&#8243; _module_preset=\u00bbdefault\u00bb global_colors_info=\u00bb{}\u00bb theme_builder_area=\u00bbpost_content\u00bb][et_pb_column type=\u00bb1_2&#8243; _builder_version=\u00bb4.27.2&#8243; _module_preset=\u00bbdefault\u00bb global_colors_info=\u00bb{}\u00bb theme_builder_area=\u00bbpost_content\u00bb][et_pb_text _builder_version=\u00bb4.27.2&#8243; _module_preset=\u00bbdefault\u00bb header_3_font=\u00bb&#8211;et_global_heading_font|&#8211;et_global_heading_font_weight|||||||\u00bb custom_margin=\u00bb||-3px|||\u00bb hover_enabled=\u00bb0&#8243; global_colors_info=\u00bb{}\u00bb theme_builder_area=\u00bbpost_content\u00bb sticky_enabled=\u00bb0&#8243;]<\/p>\n<h3 style=\"text-align: left;\">Reserva una cita<\/h3>\n<p>[\/et_pb_text][et_pb_text _builder_version=\u00bb4.27.2&#8243; _module_preset=\u00bbdefault\u00bb hover_enabled=\u00bb0&#8243; text_font_size_tablet=\u00bb\u00bb text_font_size_phone=\u00bb14px\u00bb text_font_size_last_edited=\u00bbon|phone\u00bb global_colors_info=\u00bb{}\u00bb theme_builder_area=\u00bbpost_content\u00bb sticky_enabled=\u00bb0&#8243;]<\/p>\n<p style=\"text-align: justify;\"><strong>Si necesitas acompa\u00f1amiento en tu proceso emocional o simplemente tienes alguna pregunta, <\/strong>estoy aqu\u00ed para ayudarte.<\/p>\n<p style=\"text-align: justify;\"><strong>Puedes reservar tu cita de manera f\u00e1cil <\/strong>y r\u00e1pida llamando o enviando un WhatsApp al<strong> 604 959 329. <\/strong>Si lo prefieres, tambi\u00e9n puedes reservar cita a trav\u00e9s de la web.<\/p>\n<p style=\"text-align: justify;\">Accede al calendario y selecciona la cita que mejor se ajuste a tu horario y necesidades.<strong><\/strong><\/p>\n<p>[\/et_pb_text][et_pb_button button_url=\u00bbhttps:\/\/franciscavallespirpsicologia.com\/reserva-una-cita-amb-mi\/\u00bb button_text=\u00bbReservar una cita\u00bb button_alignment=\u00bbcenter\u00bb _builder_version=\u00bb4.27.2&#8243; _module_preset=\u00bbdefault\u00bb custom_button=\u00bbon\u00bb button_text_size=\u00bb20px\u00bb global_colors_info=\u00bb{}\u00bb theme_builder_area=\u00bbpost_content\u00bb][\/et_pb_button][\/et_pb_column][et_pb_column type=\u00bb1_2&#8243; _builder_version=\u00bb4.27.2&#8243; _module_preset=\u00bbdefault\u00bb global_colors_info=\u00bb{}\u00bb theme_builder_area=\u00bbpost_content\u00bb][et_pb_image src=\u00bbhttps:\/\/franciscavallespirpsicologia.com\/wp-content\/uploads\/2024\/11\/Centre_psicologia_Manacor.jpeg\u00bb alt=\u00bbCentre_psicologia_Manacor\u00bb title_text=\u00bbCentre_psicologia_Manacor\u00bb align=\u00bbcenter\u00bb _builder_version=\u00bb4.27.2&#8243; _module_preset=\u00bbdefault\u00bb width=\u00bb61%\u00bb box_shadow_style=\u00bbpreset1&#8243; global_colors_info=\u00bb{}\u00bb theme_builder_area=\u00bbpost_content\u00bb][\/et_pb_image][\/et_pb_column][\/et_pb_row][\/et_pb_section]<\/p>\n","protected":false},"excerpt":{"rendered":"<p>Psic\u00f3loga en Manacor Servicios psicol\u00f3gicos profesionales para tu crecimiento personalConsulta en l\u00ednea y presencial: Elige el formato que mejor se adapte a ti En el centro de psicolog\u00eda, te ofrezco la flexibilidad de elegir entre consultas en l\u00ednea y presenciales, para que tu bienestar emocional no tenga l\u00edmites. Ya sea desde la comodidad de casa [&hellip;]<\/p>\n","protected":false},"author":2,"featured_media":0,"parent":0,"menu_order":0,"comment_status":"closed","ping_status":"closed","template":"","meta":{"_et_pb_use_builder":"on","_et_pb_old_content":"","_et_gb_content_width":"","footnotes":""},"class_list":["post-815","page","type-page","status-publish","hentry"],"aioseo_notices":[],"_links":{"self":[{"href":"https:\/\/franciscavallespirpsicologia.com\/es\/wp-json\/wp\/v2\/pages\/815","targetHints":{"allow":["GET"]}}],"collection":[{"href":"https:\/\/franciscavallespirpsicologia.com\/es\/wp-json\/wp\/v2\/pages"}],"about":[{"href":"https:\/\/franciscavallespirpsicologia.com\/es\/wp-json\/wp\/v2\/types\/page"}],"author":[{"embeddable":true,"href":"https:\/\/franciscavallespirpsicologia.com\/es\/wp-json\/wp\/v2\/users\/2"}],"replies":[{"embeddable":true,"href":"https:\/\/franciscavallespirpsicologia.com\/es\/wp-json\/wp\/v2\/comments?post=815"}],"version-history":[{"count":4,"href":"https:\/\/franciscavallespirpsicologia.com\/es\/wp-json\/wp\/v2\/pages\/815\/revisions"}],"predecessor-version":[{"id":888,"href":"https:\/\/franciscavallespirpsicologia.com\/es\/wp-json\/wp\/v2\/pages\/815\/revisions\/888"}],"wp:attachment":[{"href":"https:\/\/franciscavallespirpsicologia.com\/es\/wp-json\/wp\/v2\/media?parent=815"}],"curies":[{"name":"wp","href":"https:\/\/api.w.org\/{rel}","templated":true}]}}